{"id":262,"date":"2026-01-27T18:19:54","date_gmt":"2026-01-27T18:19:54","guid":{"rendered":"https:\/\/aras-ticaret.com\/?page_id=262"},"modified":"2026-02-02T12:30:57","modified_gmt":"2026-02-02T12:30:57","slug":"aras-ticaret","status":"publish","type":"page","link":"https:\/\/aras-ticaret.com\/","title":{"rendered":"ARAS T\u0130CARET"},"content":{"rendered":"\n\n<div class=\"aligncenter wp-block-site-logo\"><a href=\"https:\/\/aras-ticaret.com\/\" class=\"custom-logo-link\" rel=\"home\"><img loading=\"lazy\" decoding=\"async\" width=\"163\" height=\"163\" src=\"https:\/\/aras-ticaret.com\/wp-content\/uploads\/2026\/01\/cropped-a5200227-cb75-4840-b97b-b05049b3f683.jpeg\" class=\"custom-logo\" alt=\"ARAS T\u0130CARET\" srcset=\"https:\/\/aras-ticaret.com\/wp-content\/uploads\/2026\/01\/cropped-a5200227-cb75-4840-b97b-b05049b3f683.jpeg 512w, https:\/\/aras-ticaret.com\/wp-content\/uploads\/2026\/01\/cropped-a5200227-cb75-4840-b97b-b05049b3f683-300x300.jpeg 300w, https:\/\/aras-ticaret.com\/wp-content\/uploads\/2026\/01\/cropped-a5200227-cb75-4840-b97b-b05049b3f683-150x150.jpeg 150w, https:\/\/aras-ticaret.com\/wp-content\/uploads\/2026\/01\/cropped-a5200227-cb75-4840-b97b-b05049b3f683-100x100.jpeg 100w\" sizes=\"(max-width: 163px) 100vw, 163px\" \/><\/a><\/div>\n\n<h1 class=\"has-text-align-center wp-block-post-title\">ARAS T\u0130CARET<\/h1>\n\n\n<p class=\"has-text-align-center\"><strong>BEYAZ E\u015eYA &#8211; ELEKTRON\u0130K &#8211; EV ALETLER\u0130 <\/strong><\/p>\n\n\n\n<p class=\"has-text-align-center\">Tarsus\u2019ta g\u00fcvenilir beyaz e\u015fya ve elektronik al\u0131\u015fveri\u015finin adresi.<\/p>\n\n\n\n<p class=\"has-text-align-center\">Kaliteli \u00fcr\u00fcnler, uygun fiyatlar ve m\u00fc\u015fteri memnuniyeti odakl\u0131 hizmet.<\/p>\n\n\n\n<p class=\"has-text-align-center\">&#x1f4de; 0545 231 14 96<\/p>\n\n\n\n<p class=\"has-text-align-center\">&#x1f7e2; WhatsApp\u2019tan Hemen Yaz<\/p>\n\n\n\n\n\n<p class=\"has-text-align-center\"><strong>&#x1f3e2; HAKKIMIZDA<\/strong><\/p>\n\n\n\n<p class=\"has-text-align-center\">ARAS T\u0130CARET olarak beyaz e\u015fya, elektronik ve ev aletleri alan\u0131nda<\/p>\n\n\n\n<p class=\"has-text-align-center\">g\u00fcvenilir ve kaliteli hizmet anlay\u0131\u015f\u0131yla m\u00fc\u015fterilerimize hizmet veriyoruz.<\/p>\n\n\n\n<p class=\"has-text-align-center\">Yerel esnaf g\u00fcvencesiyle, sat\u0131\u015f \u00f6ncesi ve sonras\u0131 destek sunuyoruz.<\/p>\n\n\n\n\n\n<p class=\"has-text-align-center\"><strong>&#x1f9ca; \u00dcR\u00dcN GRUPLARIMIZ<\/strong><\/p>\n\n\n\n<p class=\"has-text-align-center\">BEYAZ E\u015eYA<\/p>\n\n\n\n<p class=\"has-text-align-center\">ELEKTRON\u0130K EV ALETLER\u0130 <\/p>\n\n\n\n<p class=\"has-text-align-center\">\u00c7EY\u0130Z SETLER\u0130<\/p>\n\n\n\n\n\n<p class=\"has-text-align-center\"><strong>&#x2b50; NEDEN ARAS T\u0130CARET?<\/strong><\/p>\n\n\n\n<p class=\"has-text-align-center\">&#x2714; G\u00fcvenilir hizmet<\/p>\n\n\n\n<p class=\"has-text-align-center\">&#x2714; Uygun fiyat<\/p>\n\n\n\n<p class=\"has-text-align-center\">&#x2714; Garantili \u00fcr\u00fcnler<\/p>\n\n\n\n<p class=\"has-text-align-center\">&#x2714; Yerel esnaf deste\u011fi<\/p>\n\n\n\n<p class=\"has-text-align-center\">&#x2714; H\u0131zl\u0131 ileti\u015fim<\/p>\n\n\n\n\n\n<p class=\"has-text-align-center\"><strong>&#x1f4cd; \u0130LET\u0130\u015e\u0130M<\/strong><\/p>\n\n\n\n<p class=\"has-text-align-center\">&#x1f4de; 0545 231 14 96<\/p>\n\n\n\n<p class=\"has-text-align-center\">&#x1f4cd; Barbaros Mah. 0609 Sk No:52<\/p>\n\n\n\n<p class=\"has-text-align-center\">Tarsus \/ Mersin<\/p>\n\n\n\n\n\n<p><\/p>\n\n\n\n<p><\/p>\n\n\n\n<p><\/p>\n","protected":false},"excerpt":{"rendered":"<p>BEYAZ E\u015eYA &#8211; ELEKTRON\u0130K &#8211; EV ALETLER\u0130 Tarsus\u2019ta g\u00fcvenilir beyaz e\u015fya ve elektronik al\u0131\u015fveri\u015finin adresi. Kaliteli \u00fcr\u00fcnler, uygun fiyatlar ve [&hellip;]<\/p>\n","protected":false},"author":1,"featured_media":0,"parent":0,"menu_order":0,"comment_status":"closed","ping_status":"closed","template":"kubio-full-width","meta":{"saved_in_kubio":false,"site-sidebar-layout":"default","site-content-layout":"","ast-site-content-layout":"default","site-content-style":"default","site-sidebar-style":"default","ast-global-header-display":"","ast-banner-title-visibility":"","ast-main-header-display":"","ast-hfb-above-header-display":"","ast-hfb-below-header-display":"","ast-hfb-mobile-header-display":"","site-post-title":"disabled","ast-breadcrumbs-content":"","ast-featured-img":"","footer-sml-layout":"","ast-disable-related-posts":"","theme-transparent-header-meta":"","adv-header-id-meta":"","stick-header-meta":"","header-above-stick-meta":"","header-main-stick-meta":"","header-below-stick-meta":"","astra-migrate-meta-layouts":"default","ast-page-background-enabled":"default","ast-page-background-meta":{"desktop":{"background-color":"var(--ast-global-color-5)","background-image":"","background-repeat":"repeat","background-position":"center center","background-size":"auto","background-attachment":"scroll","background-type":"","background-media":"","overlay-type":"","overlay-color":"","overlay-opacity":"","overlay-gradient":""},"tablet":{"background-color":"","background-image":"","background-repeat":"repeat","background-position":"center center","background-size":"auto","background-attachment":"scroll","background-type":"","background-media":"","overlay-type":"","overlay-color":"","overlay-opacity":"","overlay-gradient":""},"mobile":{"background-color":"","background-image":"","background-repeat":"repeat","background-position":"center center","background-size":"auto","background-attachment":"scroll","background-type":"","background-media":"","overlay-type":"","overlay-color":"","overlay-opacity":"","overlay-gradient":""}},"ast-content-background-meta":{"desktop":{"background-color":"var(--ast-global-color-4)","background-image":"","background-repeat":"repeat","background-position":"center center","background-size":"auto","background-attachment":"scroll","background-type":"","background-media":"","overlay-type":"","overlay-color":"","overlay-opacity":"","overlay-gradient":""},"tablet":{"background-color":"var(--ast-global-color-4)","background-image":"","background-repeat":"repeat","background-position":"center center","background-size":"auto","background-attachment":"scroll","background-type":"","background-media":"","overlay-type":"","overlay-color":"","overlay-opacity":"","overlay-gradient":""},"mobile":{"background-color":"var(--ast-global-color-4)","background-image":"","background-repeat":"repeat","background-position":"center center","background-size":"auto","background-attachment":"scroll","background-type":"","background-media":"","overlay-type":"","overlay-color":"","overlay-opacity":"","overlay-gradient":""}},"footnotes":""},"class_list":["post-262","page","type-page","status-publish","hentry"],"kubio_ai_page_context":{"short_desc":"","purpose":"general"},"_links":{"self":[{"href":"https:\/\/aras-ticaret.com\/index.php?rest_route=\/wp\/v2\/pages\/262","targetHints":{"allow":["GET"]}}],"collection":[{"href":"https:\/\/aras-ticaret.com\/index.php?rest_route=\/wp\/v2\/pages"}],"about":[{"href":"https:\/\/aras-ticaret.com\/index.php?rest_route=\/wp\/v2\/types\/page"}],"author":[{"embeddable":true,"href":"https:\/\/aras-ticaret.com\/index.php?rest_route=\/wp\/v2\/users\/1"}],"replies":[{"embeddable":true,"href":"https:\/\/aras-ticaret.com\/index.php?rest_route=%2Fwp%2Fv2%2Fcomments&post=262"}],"version-history":[{"count":8,"href":"https:\/\/aras-ticaret.com\/index.php?rest_route=\/wp\/v2\/pages\/262\/revisions"}],"predecessor-version":[{"id":295,"href":"https:\/\/aras-ticaret.com\/index.php?rest_route=\/wp\/v2\/pages\/262\/revisions\/295"}],"wp:attachment":[{"href":"https:\/\/aras-ticaret.com\/index.php?rest_route=%2Fwp%2Fv2%2Fmedia&parent=262"}],"curies":[{"name":"wp","href":"https:\/\/api.w.org\/{rel}","templated":true}]}}